{"id":673,"date":"2023-12-04T15:33:05","date_gmt":"2023-12-04T15:33:05","guid":{"rendered":"https:\/\/ni-deutschland.de\/?page_id=673"},"modified":"2025-05-26T13:44:27","modified_gmt":"2025-05-26T13:44:27","slug":"impressum","status":"publish","type":"page","link":"https:\/\/ni-deutschland.de\/de\/impressum\/","title":{"rendered":"Impressum"},"content":{"rendered":"<div data-elementor-type=\"wp-page\" data-elementor-id=\"673\" class=\"elementor elementor-673\">\n\t\t\t\t\t\t<section class=\"elementor-section elementor-top-section elementor-element elementor-element-e94c48f elementor-section-boxed elementor-section-height-default elementor-section-height-default\" data-id=\"e94c48f\" data-element_type=\"section\" data-e-type=\"section\">\n\t\t\t\t\t\t<div class=\"elementor-container elementor-column-gap-default\">\n\t\t\t\t\t<div class=\"elementor-column elementor-col-100 elementor-top-column elementor-element elementor-element-c57d454\" data-id=\"c57d454\" data-element_type=\"column\" data-e-type=\"column\">\n\t\t\t<div class=\"elementor-widget-wrap\">\n\t\t\t\t\t\t\t<\/div>\n\t\t<\/div>\n\t\t\t\t\t<\/div>\n\t\t<\/section>\n\t\t\t\t<section class=\"elementor-section elementor-top-section elementor-element elementor-element-e42987d elementor-section-boxed elementor-section-height-default elementor-section-height-default\" data-id=\"e42987d\" data-element_type=\"section\" data-e-type=\"section\">\n\t\t\t\t\t\t<div class=\"elementor-container elementor-column-gap-default\">\n\t\t\t\t\t<div class=\"elementor-column elementor-col-100 elementor-top-column elementor-element elementor-element-54bccb2\" data-id=\"54bccb2\" data-element_type=\"column\" data-e-type=\"column\">\n\t\t\t<div class=\"elementor-widget-wrap elementor-element-populated\">\n\t\t\t\t\t\t\t<\/div>\n\t\t<\/div>\n\t\t\t\t\t<\/div>\n\t\t<\/section>\n\t\t\t\t<section class=\"elementor-section elementor-top-section elementor-element elementor-element-138e1b5 elementor-section-boxed elementor-section-height-default elementor-section-height-default\" data-id=\"138e1b5\" data-element_type=\"section\" data-e-type=\"section\">\n\t\t\t\t\t\t<div class=\"elementor-container elementor-column-gap-default\">\n\t\t\t\t\t<div class=\"elementor-column elementor-col-50 elementor-top-column elementor-element elementor-element-9deeae2\" data-id=\"9deeae2\" data-element_type=\"column\" data-e-type=\"column\">\n\t\t\t<div class=\"elementor-widget-wrap elementor-element-populated\">\n\t\t\t\t\t\t<div class=\"elementor-element elementor-element-7cbb0c9 elementor-widget elementor-widget-text-editor\" data-id=\"7cbb0c9\" data-element_type=\"widget\" data-e-type=\"widget\" data-widget_type=\"text-editor.default\">\n\t\t\t\t<div class=\"elementor-widget-container\">\n\t\t\t\t\t\t\t\t\t<p><strong>Angaben des Verantwortlichen \/ Diensteanbieters nach \u00a7 5 TMG:<\/strong><\/p><p><span style=\"font-weight: bolder;\">Netz-Intelligenz Deutschland GmbH<\/span><br \/>Schanzenstra\u00dfe 39, Geb\u00e4udenummer C3<br \/>51063 K\u00f6ln<\/p><p>vertreten durch die Gesch\u00e4ftsf\u00fchrer:<\/p><p>Cemal G\u00fcnay<\/p><hr \/><p><strong>Kontakt<br \/><\/strong>E-Mail: info@ni-deutschland.de<\/p><hr \/><p><strong>Registrieren<\/strong><\/p><p style=\"font-weight: 400;\">Handelsregister des Amtsgerichts K\u00f6ln<\/p><p style=\"font-weight: 400;\">Registernummer: HRB 114378<\/p><hr \/><p style=\"font-weight: 400;\"><strong>Umsatzsteuer-ID<\/strong><\/p><p style=\"font-weight: 400;\">Umsatzsteuer-Identifikationsnummer gem\u00e4\u00df \u00a727 a UStG<\/p><p style=\"font-weight: 400;\">DE 33 52 55 363<\/p><hr \/><p><strong>Streitschlichtung<br \/><\/strong>Die Europ\u00e4ische Kommission stellt eine Plattform zur Online-Streitbeilegung (OS) bereit:\u00a0<a href=\"https:\/\/ec.europa.eu\/consumers\/odr\">https:\/\/ec.europa.eu\/consumers\/odr<\/a>.<\/p><p>Unsere E-Mail-Adresse finden Sie oben im Impressum.<\/p><p>Wir sind nicht bereit oder verpflichtet, ein Streitbeilegungsverfahren vor einer Verbraucherschlichtungsstelle zu betreiben.<\/p>\t\t\t\t\t\t\t\t<\/div>\n\t\t\t\t<\/div>\n\t\t\t\t<div class=\"elementor-element elementor-element-ac714d4 elementor-widget elementor-widget-text-editor\" data-id=\"ac714d4\" data-element_type=\"widget\" data-e-type=\"widget\" data-widget_type=\"text-editor.default\">\n\t\t\t\t<div class=\"elementor-widget-container\">\n\t\t\t\t\t\t\t\t\t<p><b>Haftung f\u00fcr Inhalte<\/b><\/p><p style=\"font-weight: 400;\">Nach \u00a7 7 Abs.1 TMG ist der Verantwortliche als Diensteanbieter f\u00fcr eigene Inhalte auf diesen Seiten nach den allgemeinen Gesetzen verantwortlich. Er ist jedoch nach \u00a7\u00a7 8 bis 10 TMG nicht verpflichtet, \u00fcbermittelte oder gespeicherte fremde Informationen zu \u00fcberwachen oder nach Umst\u00e4nden zu forschen, die auf eine rechtswidrige T\u00e4tigkeit hinweisen. Verpflichtungen zur Entfernung oder Sperrung der Nutzung von Informationen nach den allgemeinen Gesetzen bleiben hiervon unber\u00fchrt. Eine diesbez\u00fcgliche Haftung ist jedoch erst ab dem Zeitpunkt der Kenntnis einer konkreten Rechtsverletzung m\u00f6glich. Bei Bekanntwerden von entsprechenden Rechtsverletzungen werden diese Inhalte durch den Verantwortlichen umgehend entfernt.<\/p><p style=\"font-weight: 400;\">\u00a0<\/p><p><b>Haftung f\u00fcr Links<\/b><\/p><p style=\"font-weight: 400;\">Soweit das Angebot des Verantwortlichen Links zu externen Websites Dritter enth\u00e4lt, hat der Verantwortliche auf deren Inhalte keinen Einfluss. Daher kann der Verantwortliche f\u00fcr diese fremden Inhalte auch keine Gew\u00e4hr \u00fcbernehmen. F\u00fcr die Inhalte der verlinkten Seiten ist stets der jeweilige Anbieter oder Betreiber der Seiten verantwortlich. Die verlinkten Seiten wurden zum Zeitpunkt der Verlinkung auf m\u00f6gliche Rechtsverst\u00f6\u00dfe \u00fcberpr\u00fcft. Rechtswidrige Inhalte waren zum Zeitpunkt der Verlinkung nicht erkennbar.<\/p><p style=\"font-weight: 400;\">\u00a0<\/p><p style=\"font-weight: 400;\">Eine permanente inhaltliche Kontrolle der verlinkten Seiten ist jedoch ohne konkrete Anhaltspunkte einer Rechtsverletzung nicht zumutbar. Bei Bekanntwerden von Rechtsverletzungen wird der Verantwortliche derartige Links umgehend entfernen.<\/p><p style=\"font-weight: 400;\">\u00a0<\/p><p style=\"font-weight: 400;\"><strong>Urheberrecht<\/strong><\/p><p style=\"font-weight: 400;\">Die durch den Seitenbetreiber erstellten Inhalte und Werke auf diesen Seiten unterliegen dem deutschen Urheberrecht. Die Vervielf\u00e4ltigung, Bearbeitung, Verbreitung und jede Art der Verwertung au\u00dferhalb der Grenzen des Urheberrechtes bed\u00fcrfen der schriftlichen Zustimmung des jeweiligen Autors bzw. Ersteller. Downloads und Kopien dieser Seite sind nur f\u00fcr den privaten, nicht kommerziellen Gebrauch gestattet.<\/p><p style=\"font-weight: 400;\">\u00a0<\/p><p style=\"font-weight: 400;\">Soweit die Inhalte auf dieser Seite nicht vom Betreiber erstellt wurden, werden die Urheberrechte Dritter beachtet. Insbesondere werden Inhalte Dritter als solche gekennzeichnet. Sollten Sie dennoch auf eine Urheberrechtsverletzung aufmerksam werden, werden Sie um einen entsprechenden Hinweis an den Verantwortlichen gebeten. Bei Bekanntwerden von Rechtsverletzungen wird der Verantwortliche derartige Inhalte umgehend entfernen.<\/p>\t\t\t\t\t\t\t\t<\/div>\n\t\t\t\t<\/div>\n\t\t\t\t\t<\/div>\n\t\t<\/div>\n\t\t\t\t<div class=\"elementor-column elementor-col-50 elementor-top-column elementor-element elementor-element-4608fd6\" data-id=\"4608fd6\" data-element_type=\"column\" data-e-type=\"column\">\n\t\t\t<div class=\"elementor-widget-wrap elementor-element-populated\">\n\t\t\t\t\t\t<div class=\"elementor-element elementor-element-ae13c63 elementor-widget elementor-widget-image\" data-id=\"ae13c63\" data-element_type=\"widget\" data-e-type=\"widget\" data-widget_type=\"image.default\">\n\t\t\t\t<div class=\"elementor-widget-container\">\n\t\t\t\t\t\t\t\t\t\t\t\t\t\t\t<img fetchpriority=\"high\" decoding=\"async\" width=\"800\" height=\"800\" src=\"https:\/\/ni-deutschland.de\/wp-content\/uploads\/2023\/09\/favicon-1024x1024.png\" class=\"attachment-large size-large wp-image-662\" alt=\"\" srcset=\"https:\/\/ni-deutschland.de\/wp-content\/uploads\/2023\/09\/favicon-1024x1024.png 1024w, https:\/\/ni-deutschland.de\/wp-content\/uploads\/2023\/09\/favicon-300x300.png 300w, https:\/\/ni-deutschland.de\/wp-content\/uploads\/2023\/09\/favicon-150x150.png 150w, https:\/\/ni-deutschland.de\/wp-content\/uploads\/2023\/09\/favicon-768x768.png 768w, https:\/\/ni-deutschland.de\/wp-content\/uploads\/2023\/09\/favicon-1536x1536.png 1536w, https:\/\/ni-deutschland.de\/wp-content\/uploads\/2023\/09\/favicon-12x12.png 12w, https:\/\/ni-deutschland.de\/wp-content\/uploads\/2023\/09\/favicon.png 2000w\" sizes=\"(max-width: 800px) 100vw, 800px\" \/>\t\t\t\t\t\t\t\t\t\t\t\t\t\t\t<\/div>\n\t\t\t\t<\/div>\n\t\t\t\t\t<\/div>\n\t\t<\/div>\n\t\t\t\t\t<\/div>\n\t\t<\/section>\n\t\t\t\t<\/div>","protected":false},"excerpt":{"rendered":"<p>Angaben des Verantwortlichen \/ Diensteanbieters nach \u00a7 5 TMG: Netz-Intelligenz Deutschland GmbHSchanzenstra\u00dfe 39, Geb\u00e4udenummer C351063 K\u00f6ln vertreten durch die Gesch\u00e4ftsf\u00fchrer: Cemal G\u00fcnay KontaktE-Mail: info@ ni-deutschland.de Register Handelsregister des Amtsgerichts K\u00f6ln Registernummer: HRB 114378 Umsatzsteuer-ID Umsatzsteuer-Identifikationsnummer gem\u00e4\u00df \u00a727 a UStG DE 33 52 55 363 StreitschlichtungDie Europ\u00e4ische Kommission stellt eine Plattform zur Online-Streitbeilegung (OS) bereit:\u00a0https:\/\/ec.europa.eu\/consumers\/odr. Unsere [&hellip;]<\/p>\n","protected":false},"author":1,"featured_media":0,"parent":0,"menu_order":0,"comment_status":"closed","ping_status":"closed","template":"elementor_header_footer","meta":{"footnotes":""},"class_list":["post-673","page","type-page","status-publish","hentry"],"_links":{"self":[{"href":"https:\/\/ni-deutschland.de\/de\/wp-json\/wp\/v2\/pages\/673","targetHints":{"allow":["GET"]}}],"collection":[{"href":"https:\/\/ni-deutschland.de\/de\/wp-json\/wp\/v2\/pages"}],"about":[{"href":"https:\/\/ni-deutschland.de\/de\/wp-json\/wp\/v2\/types\/page"}],"author":[{"embeddable":true,"href":"https:\/\/ni-deutschland.de\/de\/wp-json\/wp\/v2\/users\/1"}],"replies":[{"embeddable":true,"href":"https:\/\/ni-deutschland.de\/de\/wp-json\/wp\/v2\/comments?post=673"}],"version-history":[{"count":31,"href":"https:\/\/ni-deutschland.de\/de\/wp-json\/wp\/v2\/pages\/673\/revisions"}],"predecessor-version":[{"id":758,"href":"https:\/\/ni-deutschland.de\/de\/wp-json\/wp\/v2\/pages\/673\/revisions\/758"}],"wp:attachment":[{"href":"https:\/\/ni-deutschland.de\/de\/wp-json\/wp\/v2\/media?parent=673"}],"curies":[{"name":"wp","href":"https:\/\/api.w.org\/{rel}","templated":true}]}}